{"id":1471,"date":"2019-03-25T11:11:40","date_gmt":"2019-03-25T10:11:40","guid":{"rendered":"https:\/\/kulturwissenschaften.de\/?page_id=1471"},"modified":"2026-04-20T14:39:14","modified_gmt":"2026-04-20T12:39:14","slug":"jobs-calls","status":"publish","type":"page","link":"https:\/\/www.kulturwissenschaften.de\/en\/jobs-calls\/","title":{"rendered":"Jobs &#038; Calls"},"content":{"rendered":"<p>Here you can find offers for jobs, research fellowships and awards as well as calls for papers.<\/p>\n<hr \/>\n<p><strong>CfP: Articles for a special Issue on &#8216;Comic Literacies&#8217; by the journal &#8216;Comedy Studies&#8217;, abstract deadline: 31 July 2026<\/strong><\/p>\n<p>Like other studies in literacy (media, social, visual, etc.), we understand comic literacies as culturally and socially situated discourses and practices that produce, process, transform and contest meaning in a variety of different comedic contexts. In this sense, comic literacies can be understood as shared yet unevenly distributed repertoires of knowledge that allow performers and audiences to perceive and mobilise something as comic in historically specific ways. Existing norms and hierarchies may be reinforced or destabilised in the process, sometimes both at the same time. Three areas appear crucial to this endeavour: Comic literacies can be observed when studying comedy\u2019s materialities, its arrangements and its affects. Regarding the first area of investigation, the special issue asks how comic literacies are connected to, and indeed depend on, the materiality of human or non-human bodies and things. The second area of inquiry turns to practices of arrangement in comedic dramaturgy, choreography, oratory, etc. which involve the positioning and coordinating of words, bodies, things, actions or sounds in space and time. Finally, the special issue is interested in the evolving relationship between comic literacies and affect.<\/p>\n<p>We invite discussions of historically and culturally situated comedic artefacts and practices throughout the ages that explore the theoretical parameters of comic literacies through a social, economic, political, ethical, media, and\/or aesthetic lens. Submissions that approach comic literacies comparatively or genealogically as well as empirical case studies using qualitative methods are also encouraged.<\/p>\n<p>We suggest that authors choose whether to focus more on materialities, arrangements or affects to explore comic literacies. Topics and questions might include but are not limited to:<\/p>\n<ul>\n<li>How do specific comedic artefacts or practices produce, mediate or negotiate comic literacies within their historically and culturally distinct contexts?<\/li>\n<li>How do comedic materialities, arrangements or affects shape, probe and\/or defamiliarize tacit knowledge, respectively?<\/li>\n<li>How might the comedic negotiation of established knowledge depend on specific media settings, genre conventions or audiences?<\/li>\n<li>What would a methodology of comic literacies look like that takes audiences\u2019 access to, processing of and affective responses to comedy\u2019s tacit knowledge into account?<\/li>\n<li>Finally, how can we theorise the relation between a comedic artefact or practice and shared knowledge, (Western) systems of knowledge production and epistemological uncertainty \u2013 including situations in which shared knowledge fails?<\/li>\n<\/ul>\n<p>Please submit proposals (250-300 words) to <a href=\"mailto:aileen.behrendt@uni-potsdam.de\" target=\"_blank\" rel=\"noopener\">aileen.behrendt@uni-potsdam.de<\/a> by <strong>end of July 2026<\/strong>.\u00a0Selected proposals will be invited to prepare articles of 6000-8000 words which will be due on 31st of January 2027 and will be peer reviewed. Articles will be published on-line as they are accepted.<\/p>\n<p>The articles will be published as a special issue of the journal Comedy Studies in early\/mid 2028. The special issue is edited by <a href=\"https:\/\/www.uni-potsdam.de\/de\/iaa-elit\/academic-staff\/behrendt\" target=\"_blank\" rel=\"noopener\">Aileen Behrendt<\/a> (University of Potsdam), <a href=\"https:\/\/www.romanistik.uni-bonn.de\/romanistik-bonn\/personal\/personal-webseiten\/prof-dr-karin-peters\" target=\"_blank\" rel=\"noopener\">Karin Peters<\/a> (University of Bonn) and <a href=\"https:\/\/www.kulturwissenschaften.de\/en\/person\/dr-roxanne-phillips\/\" target=\"_blank\" rel=\"noopener\">Roxanne Phillips<\/a> (KWI Essen). For more information please click <a href=\"https:\/\/think.taylorandfrancis.com\/special_issues\/comic-literacies\/\" target=\"_blank\" rel=\"noopener\">here<\/a>.<\/p>\n<hr \/>\n<p><strong>Studentische Hilfskraft (SHK) im Projekt \u201eCultures of the Cryosphere: Infrastructures, Politics and Futures of Artificial Cooling\u201c am KWI, 10 Std.\/Woche<\/strong><\/p>\n<p>Das Kulturwissenschaftliche Institut in Essen sucht zum n\u00e4chstm\u00f6glichen Zeitpunkt, sp\u00e4testens zum 01.09.2026 f\u00fcr das Projekt \u201eCultures of the Cryosphere: Infrastructures, Politics and Futures of Artificial\u00a0Cooling\u201c eine studentische Hilfskraft (m\/w\/d) aus den Geistes- oder Sozialwissenschaften mit einer Arbeitszeit von ca. 10 Stunden\/Woche.<\/p>\n<p>Das internationale Forschungsprojekt bringt Kulturwissenschaften, Philosophie, Technikgeschichte und -soziologie zusammen und untersucht die kulturellen Ursachen und Folgen von Technologien k\u00fcnstlicher K\u00e4lte. Mehr Informationen zum gesamten Projekt sowie allen Projektpartnern finden sich <a href=\"https:\/\/cryocultures.org\/\" target=\"_blank\" rel=\"noopener\">hier<\/a>. Der Forschungsschwerpunkt, der am KWI in Essen bearbeitet wird, ist <a href=\"https:\/\/cryocultures.org\/research\/objects\/spacecooling\/\" target=\"_blank\" rel=\"noopener\">Space Cooling<\/a>.<\/p>\n<p>Ein B\u00fcroplatz am KWI in Essen R\u00fcttenscheid wird zur Verf\u00fcgung gestellt. In der Regel ist es aber auch m\u00f6glich, die Aufgaben remote zu erledigen. Die Arbeitszeiten k\u00f6nnen flexibel gestaltet werden. Die Anstellung erfolgt zun\u00e4chst auf ein Jahr befristet. Eine l\u00e4ngerfristige Anstellung wird angestrebt.<\/p>\n<p>Gelegenheiten zur eigenen, akademischen Weiterentwicklung, ggf. auch in Form einer Anfertigung einer Abschlussarbeit im Projekt ,wird nach M\u00f6glichkeit gerne vom Team (Leitung: <a href=\"https:\/\/cryocultures.org\/person\/hohne-stefan\/\" target=\"_blank\" rel=\"noopener\">Dr. Stefan H\u00f6hne<\/a>; Mitarbeit: <a href=\"https:\/\/cryocultures.org\/person\/wandelt-alina\/\" target=\"_blank\" rel=\"noopener\">Dr. Alina Wandelt<\/a> &amp; <a href=\"https:\/\/cryocultures.org\/person\/rose-sebastian-james\/\" target=\"_blank\" rel=\"noopener\">Dr. Sebastian James Rose<\/a>) unterst\u00fctzt.<\/p>\n<p>Zu den Aufgaben der T\u00e4tigkeit geh\u00f6ren Literaturrecherchen und Forschungsassistenz; Organisation, Archivrecherchen und ggf. Forschungsreisen.<\/p>\n<p>Vorausgesetzt werden sehr gute Kompetenzen in der Literaturrecherche, sehr gute Englischkenntnisse sowie erste Erfahrungen in der Arbeit mit historischen Quellen und Archiven und\/oder Methoden der Erhebung und Auswertung der qualitativen Sozialforschung, insbesondere Ethnographie.<\/p>\n<p>&nbsp;<\/p>\n<p>Bewerbungen mit einem kurzen Anschreiben und Lebenslauf bitte als <em>eine<\/em> PDF per Email an Alina Wandelt alina.wandelt@kwi-nrw.de.<\/p>\n<p>Bewerbungsschluss ist der 05.05.2026.<\/p>\n<p>Weitere Infos sowie die vollst\u00e4ndige Ausschreibung finden Sie\u00a0<a href=\"https:\/\/www.kulturwissenschaften.de\/wp-content\/uploads\/2026\/04\/shk_ausschreibung_cultcryo_kwi_2026_04_16.pdf\" target=\"_blank\" rel=\"noopener\">hier<\/a>.<\/p>\n<hr \/>\n<p><strong>CFA: Thyssen@KWI Fellowship October 2026 &#8211; March 2027<\/strong><\/p>\n<p>The Thyssen@KWI Fellowship adresses excellent researchers from the humanities, cultural studies, and the social sciences. It is most generously funded by the <a href=\"https:\/\/www.fritz-thyssen-stiftung.de\/en\/\" target=\"_blank\" rel=\"noopener\">Fritz Thyssen Foundation<\/a>. International researchers are invited to apply as well as scholars of German nationality, provided they demonstrate outstanding international work experience and contacts. We invite applications from research fellows who have completed their PhD and have already gained several years of post-doctoral research expertise (R3 level). Project proposals should address <a href=\"https:\/\/www.kulturwissenschaften.de\/en\/forschungsbereiche-am-kwi\/\" target=\"_blank\" rel=\"noopener\">KWI&#8217;s research agenda<\/a>. The KWI (Kulturwissenschaftliches Institut) in Essen provides fellows with modern infrastructure, office space, technical support, and offers a library service, event and research management as well as any administrative and communicative support.<\/p>\n<p>We expect the Thyssen@KWI Fellow to be present at the institute at least 3 days a week. The fellow will be expected to participate in entry and exit interviews. The Thyssen@KWI Fellow is requested to actively take part in the Colloquium, lectures, conferences, reading groups and other academic events at KWI. Moreover, we expect the fellow to contribute to the KWI Blog. Knowledge of German is not required since the Fellowship Programme relies on a\u00a0strong command of English. We expect successful applicants to begin their fellowship on the announced starting\u00a0date (October 1 2026). Due to our semester schedule and the design of the fellowship\u00a0programme, the start and end of the fellowship are not negotiable.<\/p>\n<p>We kindly ask you to apply in the form of one single PDF file (max. 20 MB) which must be\u00a0submitted electronically to international.fellowship@uni-due.de with the subject line:\u00a0\u201cThyssen@KWI-Fellowship\u201d. The application must be written in English and must contain a CV, a list of publications, PhD certificate, and a proposal sketching your KWI project (max. 5,000 characters).<\/p>\n<p><em>The application deadline is 11 May 2026. For further questions, please consult the <a href=\"https:\/\/www.kulturwissenschaften.de\/en\/kwi-international-fellowship-programmes\/faqs\/\" target=\"_blank\" rel=\"noopener\">FAQs<\/a> or contact <\/em><a href=\"mailto:international.fellowship@uni-due.de\" target=\"_blank\" rel=\"noopener\"><em>international.fellowship@uni-due.de<\/em><\/a>. <em>Please finde the full call <a href=\"https:\/\/www.kulturwissenschaften.de\/wp-content\/uploads\/2026\/03\/thyssen-october-26.pdf\" target=\"_blank\" rel=\"noopener\">here<\/a>.<\/em><\/p>\n","protected":false},"excerpt":{"rendered":"<p>Here you can find offers for jobs, research fellowships and awards as well as calls for papers. CfP: Articles for a special Issue on &#8216;Comic Literacies&#8217; by the journal &#8216;Comedy Studies&#8217;, abstract deadline: 31 July 2026 Like other studies in literacy (media, social, visual, etc.), we understand comic literacies as culturally and socially situated discourses [&hellip;]<\/p>\n","protected":false},"author":3,"featured_media":0,"parent":0,"menu_order":0,"comment_status":"closed","ping_status":"closed","template":"","meta":{"_acf_changed":false,"footnotes":""},"class_list":["post-1471","page","type-page","status-publish","hentry"],"acf":[],"_links":{"self":[{"href":"https:\/\/www.kulturwissenschaften.de\/en\/wp-json\/wp\/v2\/pages\/1471","targetHints":{"allow":["GET"]}}],"collection":[{"href":"https:\/\/www.kulturwissenschaften.de\/en\/wp-json\/wp\/v2\/pages"}],"about":[{"href":"https:\/\/www.kulturwissenschaften.de\/en\/wp-json\/wp\/v2\/types\/page"}],"author":[{"embeddable":true,"href":"https:\/\/www.kulturwissenschaften.de\/en\/wp-json\/wp\/v2\/users\/3"}],"replies":[{"embeddable":true,"href":"https:\/\/www.kulturwissenschaften.de\/en\/wp-json\/wp\/v2\/comments?post=1471"}],"version-history":[{"count":3,"href":"https:\/\/www.kulturwissenschaften.de\/en\/wp-json\/wp\/v2\/pages\/1471\/revisions"}],"predecessor-version":[{"id":19804,"href":"https:\/\/www.kulturwissenschaften.de\/en\/wp-json\/wp\/v2\/pages\/1471\/revisions\/19804"}],"wp:attachment":[{"href":"https:\/\/www.kulturwissenschaften.de\/en\/wp-json\/wp\/v2\/media?parent=1471"}],"curies":[{"name":"wp","href":"https:\/\/api.w.org\/{rel}","templated":true}]}}