{"id":1494,"date":"2019-03-25T10:57:26","date_gmt":"2019-03-25T09:57:26","guid":{"rendered":"https:\/\/kulturwissenschaften.de\/kontakt-anfahrt\/"},"modified":"2021-12-22T13:50:38","modified_gmt":"2021-12-22T12:50:38","slug":"kontakt-anfahrt","status":"publish","type":"page","link":"https:\/\/www.kulturwissenschaften.de\/en\/kontakt-anfahrt\/","title":{"rendered":"Contact &#038; Directions"},"content":{"rendered":"<p><strong>Address<\/strong><\/p>\n<p>Goethestra\u00dfe 31<br \/>\n45128 Essen<br \/>\nTel: +49 201 183-8104<br \/>\nFax: +49 201 183-8230<\/p>\n<hr \/>\n<p><strong>Information from the Institute<\/strong><\/p>\n<p>If you would like to receive press releases and event announcements from KWI, please send a short email including your name and institution to:\u00a0<a href=\"mailto:pressestelle@kwi-nrw.de\">presse@kwi-nrw.de<\/a>. Do you want to contact a specific member of the <a href=\"https:\/\/www.kulturwissenschaften.de\/en\/personen\/\" target=\"_blank\" rel=\"noopener\">team<\/a>? The <a href=\"https:\/\/www.kulturwissenschaften.de\/en\/personen\/\" target=\"_blank\" rel=\"noopener\">press and public relations team<\/a> is also very happy to help.<\/p>\n<hr \/>\n<p><strong>By Public Transport from Essen Main Railway Station<\/strong><\/p>\n<p>Underground lines U11, 107, 108\u00a0(<a class=\"extlink\" href=\"http:\/\/www.vrr.de\/de\/\" target=\"_blank\" rel=\"noopener noreferrer\">Timetable Information<\/a>)<br \/>\nTake the underground lines U11(in the direction of Messe West\/S\u00fcd\/Gruga), 107 and 108 (in the direction of Bredeney)<\/p>\n<ul>\n<li>to the R\u00fcttenscheider Stern stop &#8211; exit Museum Folkwang, S\u00fcthers Garten, R\u00fcttenscheider Stra\u00dfe (Nord)<\/li>\n<li>from R\u00fcttenscheider Stra\u00dfe, please follow the signs for \u2018Museum Folkwang\u2019<\/li>\n<li>pass the museum centre and turn immediately left into Goethestra\u00dfe 31 (ca. 10 minutes)<\/li>\n<\/ul>\n<hr \/>\n<p><strong>By Car:<\/strong><\/p>\n<p>from the south<\/p>\n<ul>\n<li>on the A 52, take the R\u00fcttenscheid exit on to Alfredstra\u00dfe (B 224) and follow the signs for the city centre (Zentrum)<\/li>\n<li>pass the Grugahalle, Martinstra\u00dfe, Zweigertstra\u00dfe<\/li>\n<li>turn left into Kahrstra\u00dfe (following the signs for the &#8220;Museum&#8221;)<\/li>\n<li>turn right into Goethestra\u00dfe and pass the museum centre<\/li>\n<li>you have now arrived at Goethestr. 31<\/li>\n<\/ul>\n<p>from the north<\/p>\n<ul>\n<li>follow the A 2 and A 42 then the B 224 in the direction of the city centre<\/li>\n<li>follow the B 224, travelling along Grillostra\u00dfe, Hans-B\u00f6ckler Stra\u00dfe, Friedrichstra\u00dfe and Bismarckstra\u00dfe (in the direction of Gruga)<\/li>\n<li>once you have passed under the blue Folkwang bridge, turn right into Kahrstra\u00dfe (following the signs for Ruhrland and the Folkwang Museum)<\/li>\n<li>turn right into Goethestra\u00dfe and pass the museum centre<\/li>\n<li>you have now arrived at Goethestr. 31<\/li>\n<\/ul>\n<p>from the east<\/p>\n<ul>\n<li>take the Essen Zentrum exit off the A 40 and turn left immediately, following the signs for Velbert \u2013 Gruga<\/li>\n<li>once you have passed under the blue Folkwang bridge, turn right into Kahrstra\u00dfe (following the signs for Ruhrland and the Folkwang Museum)<\/li>\n<li>turn right into Goethestra\u00dfe and pass the museum centre<\/li>\n<li>you have now arrived at Goethestr. 31<\/li>\n<\/ul>\n<p>from the west<\/p>\n<ul>\n<li>\u00a0take the Essen Zentrum exit off the A 40 (Junction 23)<\/li>\n<li>turn right into Holsterhauser Stra\u00dfe and then immediately left into H\u00f6lderlinstra\u00dfe<\/li>\n<li>follow the road across the junction and continue until you reach the end of the road<\/li>\n<li>Goethestr. 31 will then be right in front of you<\/li>\n<\/ul>\n<hr \/>\n<p><strong>On Foot<\/strong><\/p>\n<p>You can reach the KWI from the Essen main railway station in about 20 minutes along the City of Essen\u2019s\u00a0<a class=\"extlink\" href=\"http:\/\/www.kulturpfadfest-essen.de\/kulturpfad\/\" target=\"_blank\" rel=\"noopener noreferrer\">&#8220;Culture Path&#8221;<\/a>. From the south entrance of the central station, follow the signs and the blue, illuminated glass tiles on the ground along<\/p>\n<ul>\n<li>Huyssenallee (past the Philharmonie\/Saalbau Essen)<\/li>\n<li>R\u00fcttenscheider Stra\u00dfe<\/li>\n<li>until you reach a small park on your right<\/li>\n<li>cross the blue Folkwang bridge<\/li>\n<li>ross Bismarckstra\u00dfe to reach Goethestra\u00dfe 31<\/li>\n<\/ul>\n<hr \/>\n<p><strong>Barrier-free access<\/strong><\/p>\n<p>There is wheelchair access by the side-door close to the car park at the Goethestra\u00dfe, from where you can reach all of the rooms on the ground floor.<\/p>\n","protected":false},"excerpt":{"rendered":"<p>Address Goethestra\u00dfe 31 45128 Essen Tel: +49 201 183-8104 Fax: +49 201 183-8230 Information from the Institute If you would like to receive press releases and event announcements from KWI, please send a short email including your name and institution to:\u00a0presse@kwi-nrw.de. Do you want to contact a specific member of the team? The press and [&hellip;]<\/p>\n","protected":false},"author":2,"featured_media":5188,"parent":0,"menu_order":0,"comment_status":"closed","ping_status":"closed","template":"","meta":{"_acf_changed":false,"footnotes":""},"class_list":["post-1494","page","type-page","status-publish","has-post-thumbnail","hentry"],"acf":[],"_links":{"self":[{"href":"https:\/\/www.kulturwissenschaften.de\/en\/wp-json\/wp\/v2\/pages\/1494","targetHints":{"allow":["GET"]}}],"collection":[{"href":"https:\/\/www.kulturwissenschaften.de\/en\/wp-json\/wp\/v2\/pages"}],"about":[{"href":"https:\/\/www.kulturwissenschaften.de\/en\/wp-json\/wp\/v2\/types\/page"}],"author":[{"embeddable":true,"href":"https:\/\/www.kulturwissenschaften.de\/en\/wp-json\/wp\/v2\/users\/2"}],"replies":[{"embeddable":true,"href":"https:\/\/www.kulturwissenschaften.de\/en\/wp-json\/wp\/v2\/comments?post=1494"}],"version-history":[{"count":0,"href":"https:\/\/www.kulturwissenschaften.de\/en\/wp-json\/wp\/v2\/pages\/1494\/revisions"}],"wp:featuredmedia":[{"embeddable":true,"href":"https:\/\/www.kulturwissenschaften.de\/en\/wp-json\/wp\/v2\/media\/5188"}],"wp:attachment":[{"href":"https:\/\/www.kulturwissenschaften.de\/en\/wp-json\/wp\/v2\/media?parent=1494"}],"curies":[{"name":"wp","href":"https:\/\/api.w.org\/{rel}","templated":true}]}}