{"id":18310,"date":"2025-10-06T00:15:15","date_gmt":"2025-10-05T22:15:15","guid":{"rendered":"https:\/\/staging-v2.kulturwissenschaften.de\/?page_id=18310"},"modified":"2026-02-02T08:51:36","modified_gmt":"2026-02-02T07:51:36","slug":"podcast","status":"publish","type":"page","link":"https:\/\/www.kulturwissenschaften.de\/en\/podcast\/","title":{"rendered":"Podcast"},"content":{"rendered":"<p><a href=\"https:\/\/krumme-strasse.podigee.io\/episodes\" target=\"_blank\" rel=\"noopener\">\u00bbKrumme Stra\u00dfe\u00ab<\/a> ist der gemeinsame Podcast der Zeitschrift \u00bb<a href=\"https:\/\/www.merkur-zeitschrift.de\/\" target=\"_blank\" rel=\"noopener\">Merkur\u00ab<\/a>\u00a0und des Kulturwissenschaftlichen Instituts Essen (KWI). Einmal im Monat sprechen wir mit G\u00e4sten aus Wissenschaft und Kultur, die Autorinnen und Autoren des Merkur oder Fellows des KWI sein k\u00f6nnen, aber nicht m\u00fcssen. Manchmal interessiert uns ein Thema, manchmal die Person und ihr Schaffen, entsprechend unterschiedlich ist das Format des Gespr\u00e4chs. Gastgeber sind in wechselnden Konstellationen <a href=\"https:\/\/www.kulturwissenschaften.de\/en\/person\/dr-hanna-engelmeier\/\" target=\"_blank\" rel=\"noopener\">Hanna Engelmeier<\/a> f\u00fcr das KWI und <a href=\"https:\/\/www.merkur-zeitschrift.de\/ueber-den-merkur\/herausgeben-redaktion\/\" target=\"_blank\" rel=\"noopener\">Christian Demand<\/a> und <a href=\"https:\/\/www.merkur-zeitschrift.de\/ueber-den-merkur\/herausgeben-redaktion\/\" target=\"_blank\" rel=\"noopener\">Ekkehard Kn\u00f6rer<\/a> f\u00fcr den Merkur.<\/p>\n<p>Die einzelnen Podcastfolgen k\u00f6nnen Sie unten stehend abh\u00f6ren sowie unter anderem auf iTunes \/ Apple Podcasts, Google Podcasts, Deezer und Spotify h\u00f6ren und abonnieren.<\/p>\n","protected":false},"excerpt":{"rendered":"<p>\u00bbKrumme Stra\u00dfe\u00ab ist der gemeinsame Podcast der Zeitschrift \u00bbMerkur\u00ab\u00a0und des Kulturwissenschaftlichen Instituts Essen (KWI). Einmal im Monat sprechen wir mit G\u00e4sten aus Wissenschaft und Kultur, die Autorinnen und Autoren des Merkur oder Fellows des KWI sein k\u00f6nnen, aber nicht m\u00fcssen. Manchmal interessiert uns ein Thema, manchmal die Person und ihr Schaffen, entsprechend unterschiedlich ist das [&hellip;]<\/p>\n","protected":false},"author":2,"featured_media":18308,"parent":0,"menu_order":0,"comment_status":"closed","ping_status":"closed","template":"template-podcasts.php","meta":{"_acf_changed":false,"footnotes":""},"class_list":["post-18310","page","type-page","status-publish","has-post-thumbnail","hentry"],"acf":[],"_links":{"self":[{"href":"https:\/\/www.kulturwissenschaften.de\/en\/wp-json\/wp\/v2\/pages\/18310","targetHints":{"allow":["GET"]}}],"collection":[{"href":"https:\/\/www.kulturwissenschaften.de\/en\/wp-json\/wp\/v2\/pages"}],"about":[{"href":"https:\/\/www.kulturwissenschaften.de\/en\/wp-json\/wp\/v2\/types\/page"}],"author":[{"embeddable":true,"href":"https:\/\/www.kulturwissenschaften.de\/en\/wp-json\/wp\/v2\/users\/2"}],"replies":[{"embeddable":true,"href":"https:\/\/www.kulturwissenschaften.de\/en\/wp-json\/wp\/v2\/comments?post=18310"}],"version-history":[{"count":0,"href":"https:\/\/www.kulturwissenschaften.de\/en\/wp-json\/wp\/v2\/pages\/18310\/revisions"}],"wp:featuredmedia":[{"embeddable":true,"href":"https:\/\/www.kulturwissenschaften.de\/en\/wp-json\/wp\/v2\/media\/18308"}],"wp:attachment":[{"href":"https:\/\/www.kulturwissenschaften.de\/en\/wp-json\/wp\/v2\/media?parent=18310"}],"curies":[{"name":"wp","href":"https:\/\/api.w.org\/{rel}","templated":true}]}}