{"id":5368,"date":"2019-10-14T16:46:56","date_gmt":"2019-10-14T14:46:56","guid":{"rendered":"https:\/\/kulturwissenschaften.de\/?page_id=5368"},"modified":"2020-06-30T13:25:14","modified_gmt":"2020-06-30T11:25:14","slug":"list-of-publications-forschergruppe-visuelle-soziologie","status":"publish","type":"page","link":"https:\/\/www.kulturwissenschaften.de\/en\/dialogues-between-the-cultural-and-social-sciences\/list-of-publications-forschergruppe-visuelle-soziologie\/","title":{"rendered":"List of publications &#8211; Forschergruppe Visuelle Soziologie"},"content":{"rendered":"<p><strong>2019<\/strong><\/p>\n<p>Breckner, Roswitha: Between Perception, Understanding and Interpretation. Theoretical Background, Principles and Procedures of Visual Segment Analysis (together with Johannes Marent und Simone Feichter), in: Matthias Blanc (Ed.): Contemporary Reception of Le Nain\u2019s Paintings. Interdisciplinary Perspectives on a Museum\u2019s Exhibition. Paris &amp; Lens: Louvre &amp; CNRS Editions, im Erscheinen<\/p>\n<p>M\u00fcller, Michael R.\/Bruns, Charlotte\/Sommer, Matthias: \u201cExtensive Pictorial Comparisons. Remarks and Illustrations on the Principles and Strategies of the Figurative Hermeneutics\u201d, in: Matthias Blanc (Ed.): Contemporary Reception of Le Nain\u2019s Paintings. Interdisciplinary Perspectives on a Museum\u2019s Exhibition. Paris &amp; Lens: Louvre &amp; CNRS Editions, im Erscheinen.<\/p>\n<p>Raab, J\u00fcrgen: The Smooth Fiction of a Perfect Society. Constellation Analysis as a Sociological Approach for Understanding the Actuality of Genre Painting (mit Marija Stanisavljevic), in: Matthias Blanc (Ed.): Contemporary Reception of Le Nain\u2019s Paintings. Interdisciplinary Perspectives on a Museum\u2019s Exhibition. Paris &amp; Lens: Louvre &amp; CNRS Editions, im Erscheinen<\/p>\n<p>Raab, J\u00fcrgen: Sehweisen. Zur sozialwissenschaftlichen Interpretation r\u00e4umlicher Sinnkonstitutionen in der visuellen Kommunikation, in: Martin Endre\u00df &amp; Alois Hahn (Hg.):Lebenswelttheorie und Gesellschaftsanalyse. Studien zum Werk von Thomas Luckmann. K\u00f6ln: Herbert von Halem, im Erscheinen<\/p>\n<p>Raab, J\u00fcrgen: Gute Bilder \u2013 b\u00f6se Bilder. Bildethiken moralischer Kollektive, in: Stefan Joller &amp; Marija Stanisavljevic (Hg.): Moralische\u00a0 Kollektive, Wiesbaden, Springer VS, im Erscheinen<\/p>\n<hr \/>\n<p><strong>2018<\/strong><\/p>\n<p>Breckner, Roswitha: Denkr\u00e4ume im Bildhandeln auf Facebook. Ein Fallbeispiel in biographieanalytischer Perspektive, in: M\u00fcller, Michael R. \/ Soeffner, Hans-Georg (Hg.) Das Bild als soziologisches Problem, Weinheim Basel: Beltz Juventa, 2018, S. 70-94<\/p>\n<p>Breckner, Roswitha: Das visuelle Feld der Biographie \u2013 neue Fragen und Zug\u00e4nge, in: Handbuch Biographieforschung, hrsg. von Helma Lutz, Martina Schiebel, Elisabeth Tuider, Wiesbaden: VS Springer, 2018, S. 403-413<\/p>\n<p>M\u00fcller, Michael R.\/Soeffner, Hans-Georg (Hrsg):\u00a0<em>Das<\/em>\u00a0<em>Bild als soziologisches Problem. Herausforderungen einer Theorie visueller Sozialkommunikation<\/em>, Weinheim\/Beltz Juventa 2018.<\/p>\n<p>M\u00fcller, Michael R.: \u201eDas Bild als soziologisches Problem\u201c, in: Michael R. M\u00fcller\/Hans-Georg Soeffner (Hrsg.),\u00a0<em>Das Bild als soziologisches Problem. Herausforderungen einer Theorie visueller Sozialkommunikation<\/em>, Weinheim\/Beltz Juventa, S. 95-115.<\/p>\n<p>M\u00fcller, Michael R.: \u201eSoziale Anschauung in technisierten Umgebungen. Die Fotografie als Medium visueller Sozialkommunikation\u201c, in: Michael R. M\u00fcller\/Hans-Georg Soeffner (Hrsg.),\u00a0<em>Das<\/em>\u00a0<em>Bild als soziologisches Problem. Herausforderungen einer Theorie visueller Sozialkommunikation<\/em>, Weinheim\/Beltz Juventa 2018, S. 95-115.<\/p>\n<p>Raab, J\u00fcrgen: Visuelle Sinnkonstellationen.\u2028Zur Methodologie der sozialwissenschaftlichen Interpretation von Fotografien, in: Michael R. M\u00fcller &amp; Hans-Georg Soeffner (Hg.):\u2028Das Bild als soziologisches Problem. Herausforderungen einer Theorie visueller Sozialkommunikation, Weinheim: Beltz Juventa 2018, S. 210-231<\/p>\n<p>Raab, J\u00fcrgen: Wissenssoziologische Videohermeneutik (mit Marija Stanisavljevic), in: Christine Motitz &amp; Michael Corsten (Hg.): Handbuch Qualitative Videoanalyse. Wiesbaden: Springer VS 2018, S. 57-71<\/p>\n<p>Raab, J\u00fcrgen: Hortus Sociologicus. Prolegomena zur soziologischen \u00c4sthetik des Gartens, in: Lothar Blum, Markus Schiefer Ferrari &amp; Christoph Zuschlag (Hg.): \u201eIch wandle unter Blumen\/Und bl\u00fche selber mit.\u201c Zur Sozial- und Kulturgeschichte des Gartens. Landauer Beitr\u00e4ge zur Sozial- und Kulturgeschichte Band 1, Baden-Baden: Tectum, 2018, S.13-31<\/p>\n<p>Raab, J\u00fcrgen: Konstellationen von Koordination und Konkurrenz. Eine Fallanalyse in Perspektive der wissenssoziologischen Videohermeneutik (mit Stefan Joller &amp; Marija Stanisavljevic), in: Maud Hietzge (Hg.): Interdisziplin\u00e4re Videoanalyse. Rekonstruktion einer Videosequenz aus unterschiedlichen Blickwinkeln. Opladen, Berlin &amp; Toronto: Barbara Budrich, 2018, S.161-184<\/p>\n<hr \/>\n<p><strong>2017<\/strong><\/p>\n<p>Breckner, Roswitha: Zwischen Leben und Bild. Zum biographischen Umgang mit Photographien, in: Thomas S. Eberle (Hg.) Photographie und Gesellschaft. Ph\u00e4nomenologische und wissenssoziologische Perspektiven, Bielefeld: transcript, 2017, S. 229 \u2013 239<\/p>\n<p>Raab, J\u00fcrgen: Fotografie und Ph\u00e4nomenologie. Zur Methodologie einer wissenssoziologischen Konstellationsanalyse, in: Thomas S. Eberle (Hg.): Fotografie und Gesellschaft. Ph\u00e4nomenologische und wissenssoziologische Perspektiven. Bielefeld: Transcript, 2017, S. 381-393;<\/p>\n<hr \/>\n<p><strong>2016<\/strong><\/p>\n<p>Breckner, Roswitha: Picture acts and visual politics (mit Andreas Pribersky), in: dies. (Eds.) Bildhandeln und Visuelle Politik. Schwerpunktheft der \u00d6sterreichischen Zeitschrift f\u00fcr Soziologie (\u00d6ZG), 2016, 41\/2: 119-122<\/p>\n<p>Breckner, Roswitha und J\u00fcrgen Raab: Materiale Visuelle Soziologie. Einf\u00fchrung in den Themenschwerpunkt, in: dies. (Hg.) Materiale Visuelle Soziologie. Schwerpunktheft der Zeitschrift f\u00fcr Qualitative Forschung (ZQF), 2016, 17\/1-2: 5-9<\/p>\n<p>M\u00fcller, Michael R.: \u201eBildcluster. Zur Hermeneutik einer ver\u00e4nderten sozialen Gebrauchsweise der Fotografie \u201c, in:\u00a0<em>Sozialer Sinn. Zeitschrift f\u00fcr hermeneutische Sozialforschung<\/em>, Heft 1\/2016, 17.\u00a0Jg., S. 95-142.<\/p>\n<p>M\u00fcller, Michael R.: \u201eApartheid der Mode \u2013 Eine symboltheoretische Revision der formalen Modesoziologie\u201c, Wiederabdruck in: Barbara Vinken (Hrsg.),\u00a0<em>Klassische und neue Texte zur Philosophie der Mode<\/em>, Stuttgart 2016\/Klett-Cotta, S. 487-506, zuerst in: Sozialer Sinn.\u00a0<em>Zeitschrift f\u00fcr hermeneutische Sozialforschung<\/em>, Heft 2\/2012, 13. Jg., S. 257-280.<\/p>\n<p>Raab, J\u00fcrgen: \u201aStelzereien\u2018. Eine Fallanalyse zur wissenssoziologischen Videohermeneutik (mit Stefan Joller &amp; Marija Stanisavljevic), in: Nicole Burzan, Ronald Hitzler &amp; Heiko Kirschner (Hg.): Materiale Analysen. Methodenfragen in Projekten. Wiesbaden: Springer VS, 2016, S. 234-263<\/p>\n<hr \/>\n<p><strong>2015<\/strong><\/p>\n<p>Breckner, Roswitha: Bildanalyse, in: R\u00e4tz, Regina und V\u00f6lter, Bettina (Hrsg.) W\u00f6rterbuch Rekonstruktive Soziale Arbeit, Kornwestheim: Verlag Barbara Budrich, 2015, S. 24-26. auch zu finden unter DOI: 10.3224\/866493831<\/p>\n<p>Raab, J\u00fcrgen: Die r\u00e4umliche Darstellung kultureller Konfrontation im Bild. Das\u00a0Fallbeispiel der Fotografie aus dem \u201aSituation Room\u2019, in: Carla Dauven-van\u00a0Knippenberg, Christian Moser &amp; Rolf Parr (Hg.): R\u00e4umliche Darstellung\u00a0kultureller Begegnungen, Heidelberg: Synchron, 2015, S. 221-239<\/p>\n<hr \/>\n<p><strong>2014<\/strong><\/p>\n<p>Breckner, Roswitha: Conference Room 1. Mai 2011. Zur Unw\u00e4gbarkeit ikonischer Macht \u2013 oder: Was Hillarys Hand verdeckt, in: Michael Kauppert &amp; Irene Leser (Hrsg.), Hillarys Hand. Zur politischen Ikonographie der Gegenwart, Bielefeld: transcript, 2014, S. 79-103. ISBN 978-3-8376-2749-7<\/p>\n<p>Breckner, Roswitha: Narrar \u2013 mostrar \u2013 ver. Como analisar um \u00e1lbum de fotos de fam\u00edlia em conex\u00e3o com una entrevista narrativa [Narrating \u2013 showing \u2013 seeing. How to analyze a family foto album in connection with a narrative interview], in: Civitas, Revista de Ci\u00eancias Sociais, Porto Alegre, 2014, Vol. 14, n. 2, p. 285-306<\/p>\n<p>Breckner, Roswitha: Offenheit \u2013 Kontingenz \u2013 Grenze? Interpretation einer Portr\u00e4tfotografie, in: Michael R. M\u00fcller, J\u00fcrgen Raab, Hans-Georg Soeffner (Hg.) Grenzen der Bildinterpretation, Wiesbaden: VS-Verlag, 2014, 123-154<\/p>\n<p>M\u00fcller, Michael R.\/Raab, J\u00fcrgen\/Soeffner, Hans-Georg (Hrsg):\u00a0<em>Grenzen der Bildinterpretation<\/em>, Wiesbaden 2014\/Springer VS.<\/p>\n<p>M\u00fcller, Michael R.: Lemma \u201eStil\/Lebensstil\u201c, in:\u00a0<em>Handbuch Materielle Kultur<\/em>, hrsg. von Manfred K. H. Eggert\/Hans Peter Hahn\/Stefanie Samida, Frankfurt am Main\/J. B. Metzler, S. 252-255.<\/p>\n<p>M\u00fcller, Michael R.: \u201eGesellschaft im Konjunktiv. \u00dcber \u00e4sthetisches Handeln\u201c, in: Ronald Hitzler (Hrsg.):\u00a0<em>Hermeneutik als Lebenspraxis<\/em>, Basel\/Weinheim: Beltz Juventa, S. 487-499.<\/p>\n<p>M\u00fcller, Michael R.\/Raab, J\u00fcrgen: \u201eDie Produktivit\u00e4t der Grenze: Das Einzelbild zwischen Rahmung und Kontext\u201c, in: M. R. M\u00fcller\/J. Raab\/Soeffner, Hans-Georg (Hrsg.),\u00a0<em>Grenzen der Bildinterpretation<\/em>, Wiesbaden 2014\/Springer VS. S. 197-222 (mit J. Raab).<\/p>\n<p>Raab, J\u00fcrgen: Bildpolitik. Zur Pr\u00e4sentation und Repr\u00e4sentation politischer Weltbilder\u00a0in symbolischen Formen und rituellen Ordnungen, in: Ronald Hitzler (Hg.):\u00a0<a href=\"http:\/\/www.bic-media.com\/dmrs\/widget.do?layoutPopUp=doublepage&amp;showTitle=no&amp;clickTeaser=no&amp;arrowTeaser=yes&amp;bgcolorArrowTeaser=FFFFFF&amp;lang=de&amp;audioButton=grey&amp;showTitleInPopUp=yes&amp;buyUrl=https:\/\/www.beltz.de\/shop\/warenkorb.html?tx_saltshop_cart%5Bcontroller%5D=Cart&amp;tx_saltshop_cart%5Baction%5D=addProduct&amp;tx_saltshop_cart%5Bproduct%5D=7019&amp;cHash=ef71ff507825e2ad2537b531a2ceea18&amp;isbn=9783779929635&amp;width=200&amp;height=375&amp;pageHost=www.beltz.de&amp;LocalHost=http:&amp;jumpTo=book&amp;configUrl=http:\/\/www.bic-media.com\/dmrs\/widget\/&amp;startingPage=1&amp;searchStr=&amp;matchesStr=&amp;&amp;myAdress=http%3A\/\/www.beltz.de\/produkt_produktdetails\/7019-hermeneutik_als_lebenspraxis.html&amp;widgetSource=http%3A\/\/www.beltz.de\/produkt_produktdetails\/7019-hermeneutik_als_lebenspraxis.html\" target=\"_blank\" rel=\"noopener\">Hermeneutik als Lebenspraxis<\/a>, Weinheim &amp; Basel: Beltz Juventa, 2014, S. 346-363<\/p>\n<p>Raab, J\u00fcrgen: E pluribus unum. Eine wissenssoziologische Konstellationsanalyse visuellen Handelns, in: Kauppert, Michael; Irene Leser (Hg.):<a href=\"http:\/\/www.transcript-verlag.de\/978-3-8376-2749-7\/hillarys-hand\" target=\"_blank\" rel=\"noopener\">\u00a0Hillarys Hand. Zur politischen Ikonographie der Gegenwart.<\/a>\u00a0Bielefeld: Transcript, 2014, S. 105-130<\/p>\n<p>Raab, J\u00fcrgen: Die Produktivit\u00e4t der Grenze. Das Einzelbild zwischen Rahmung und\u00a0Kontext (mit Michael M\u00fcller), in: Michael R. M\u00fcller, J\u00fcrgen Raab &amp;\u00a0Hans-Georg Soeffner: Grenzen der Bildinterpretation. Wiesbaden: VS-Verlag, 2014, S. 196-221<\/p>\n<hr \/>\n<p><strong>2013<\/strong><\/p>\n<p>Breckner, Roswitha: Geschlechter Un\/Ordnung im Bild. Visuelle Segmentanalyse als Zugang zur leiblichen Performativit\u00e4t bildlicher Darstellungen, in: Mechthild Bereswill und Katharina Liebsch (Hg.) Geschlecht (re)konstruieren. Zur methodologischen und methodischen Produktivit\u00e4t der Frauen- und Geschlechterforschung, M\u00fcnster: Westf\u00e4lisches Dampfboot, 2013, 172-195<\/p>\n<p>Breckner, Roswitha: Bild und Biographie \u2013 ein Kaleidoskop von Selbstbildern?, in: Carsten Heinze und Alfred Hornung (Hg.) Medialisierungsformen des (Auto)Biographischen, Konstanz: UV, 2013, 159-180<\/p>\n<p>M\u00fcller, Michael R.\/Sonnenmoser, Anne: \u201eMedial Beauty. Three Sociological Theses on Late Modern Body Aesthetics\u201c, in: Hartmut Berghoff\/Thomas K\u00fchne (eds.), Globalizing Beauty: Aesthetics in the Twentieth Century, New York 2013\/Palgrave, pp. 60-74 (together with A. Sonnenmoser)<\/p>\n<hr \/>\n<p><strong>2012<\/strong><\/p>\n<p>Breckner, Roswitha: Bildwahrnehmung \u2013 Bildinterpretation. Segmentanalyse als methodischer Zugang zur Erschlie\u00dfung bildlichen Sinns, in: \u00d6sterreichische Zeitschrift f\u00fcr Soziologie (\u00d6ZS), 2012, 37\/2: 143-164<\/p>\n<p>M\u00fcller, Michael R.: \u201eFigurative Hermeneutik. Zur methodologischen Konzeption einer Wissenssoziologie des Bildes\u201c, in:\u00a0<em>Sozialer Sinn. Zeitschrift f\u00fcr hermeneutische Sozialforschung<\/em>, Heft 1\/2012, 13. Jg., S. 129\u2013161.<\/p>\n<p>M\u00fcller, Michael R.: \u201eDas Selbstbild in der Bilderwelt. Zur Soziologie transnationaler Bild- und Bew\u00e4hrungsordnungen\u201c, in: Transnationale Vergesellschaftungen. Ver\u00adhand\u00adlungen des 35. Kongresses der Deutschen Gesellschaft f\u00fcr Soziologie, Sektion Plenarverhandlungen, Wies\u00adbaden 2012\/Springer VS, S. 323-337.<\/p>\n<p>Raab, J\u00fcrgen: Einleitung zum Plenum: Transnationale Bildproduktion, in: Hans-Georg Soeffner (Hg.): Transnationale Vergemeinschaftungen. Verhandlungen des 35. Kongresses der Deutschen Gesellschaft f\u00fcr Soziologie in Frankfurt am Main 2010, Wiesbaden: VS-Verlag, 2012, S. 295-296<\/p>\n<p>Raab, J\u00fcrgen: An\u00e1lisis visual interpretativo: avances, estado del arte y problemas\u00a0pendientes (mit Bernt Schnettler), in: Paradigmas, 2012, Vol. 4, No. 2, pp.\u00a079-122<\/p>\n<p>Raab, J\u00fcrgen: Visuelle Wissenssoziologie der Fotografie. Sozialwissenschaftliche Analysearbeit zwischen Einzelbild, Bildsequenz und Bildkontext, in:\u00a0<a href=\"http:\/\/link.springer.com\/journal\/11614\/37\/2\/page\/1\" target=\"_blank\" rel=\"noopener\">\u00d6sterreichische Zeitschrift f\u00fcr Soziologie Sonderheft \u201eVisuelle Soziologie\u201c<\/a>\u00a0, 2012, Band 37, Heft 2, S. 121-142,<\/p>\n<hr \/>\n<p><strong>2011<\/strong><\/p>\n<p>Breckner, Roswitha: Kulturelle Vielfalt? Zur Konstruktion von Eigenheit und Fremdheit im \u00f6ffentlichen Bilderraum, in: SWS Rundschau \u2013 Die Zeitschrift der Sozialwissenschaftlichen Studiengesellschaft, Heft 4\/2011, 449-466<\/p>\n<p>M\u00fcller, Michael R.: \u201eDer Verdacht der Fremdheit. Gerhard Richters Lesende\u201c, in: Felix Keller\/Christine Gro\u00adnd-Rigler (Hrsg.),\u00a0<em>Die Sichtbarkeit des Lesens. Variationen eines kulturellen Dispositivs<\/em>, Inns\u00adbruck 2011\/Studien\u00adver\u00adlag, S. 108-114.<\/p>\n<p>M\u00fcller, Michael R.: \u201eDas K\u00f6rperbild als Selbstbild\u201c, in:\u00a0 Michael R. M\u00fcller et al. (Hrsg.),\u00a0<em>K\u00f6rper Haben. Die symbolische Formung der Person<\/em>, Weilerswist 2011\/Velbr\u00fcck Wissenschaft, S. 87-106.<\/p>\n<p>Raab, J\u00fcrgen: Disposition und Konstruktion. Grundz\u00fcge einer wissenssoziologischen Anthropologie des Sehens, in: Johannes Bilstein (Hg.): P\u00e4dagogik und Anthropologie der Sinne, Opladen: Verlag Barbara Budrich, 2011, S. 13-32<\/p>\n<p>Raab, J\u00fcrgen: Die Appellstruktur der Bilder und der Akt des Lesens, in: Christine Rigler-Grond &amp; Felix Keller (Hg.): Die Sichtbarkeit des Lesens. Variationen eines Dispositivs, Innsbruck: Studienverlag, 2011, S. 121-127<\/p>\n<hr \/>\n<p><strong>2010<\/strong><\/p>\n<p>M\u00fcller, Michael R.\/Soeffner, Hans-Georg: \u201eDer Narziss\u201c, in: Stephan Moebius\/Markus Schroer (Hrsg.),\u00a0<em>Diven, Hacker, Spekulanten. Sozialfiguren der Gegen\u00adwart<\/em>, Frankfurt a.M. 2010\/Edition Suhrkamp, S. 303-315 (mit H.-G. Soeff\u00adner).<\/p>\n<p>Raab, J\u00fcrgen: Purity and Danger 2.0 \u2013 Grenz\u00fcberschreitungen und Grenzziehungen der Internetpornographie (mit Martina Egli &amp; Marija Stanisavljevic), in: J\u00f6rg Metelmann (Hg.): Porno-Pop II. Im Erregungsdispositiv. W\u00fcrzburg: K\u00f6nigshausen &amp; Neumann, 2010, S. 191-210<\/p>\n<p>Raab, J\u00fcrgen: Pr\u00e4senz und Pr\u00e4sentation. Intermediale Inszenierungen politischen Handelns, in: Andy Bl\u00e4ttler, Doris Gassert, Susanna Parikka-Hug &amp; Miriam Ronsdorf (Hg.): Intermediale Inszenierungen im Zeitalter der Digitalisierung. Medientheoretische Analysen und \u00e4sthetische Konzepte. Bielefeld, 2010, Transcript: 171-196<\/p>\n<p>Raab, J\u00fcrgen: Die theatrale Pr\u00e4sentation der Macht. \u00dcber die Inszenierung politischen Handelns in den audiovisuellen Medien, in: Ulrike Landfester &amp; Caroline Pross (Hg.): Theatermedien. Theater als Medium \u2013 Medien des Theaters, Facetten der Medienkultur Band 8. Bern, Stuttgart &amp; Wien: Haupt Verlag, 2010, S. 165-188<\/p>\n<hr \/>\n<p><strong>2009<\/strong><\/p>\n<p>M\u00fcller, Michael R.:\u00a0<em>Stil und Individualit\u00e4t. Die \u00c4sthetik gesellschaftlicher Selbstbehauptung<\/em>, M\u00fcnchen 2009\/Wil\u00adhelm Fink Verlag.<\/p>\n<hr \/>\n<p><strong>2008<\/strong><\/p>\n<p>Breckner, Roswitha: Bildbotschaften in Spendenkampagnen \u2013 eine exemplarische Analyse, in: Die Armutskonferenz (Hg.) Schande Armut, Stigmatisierung und Besch\u00e4mung. Dokumentation der 8. Armutskonferenz 2008, 78-79<\/p>\n<p>Raab, J\u00fcrgen: Politik im Film. \u00dcber die Pr\u00e4sentation der Macht und die Macht der Pr\u00e4sentation (mit Hans-Georg Soeffner), in: Markus Schroer (Hg.): Gesellschaft im Film. Konstanz, 2008, UVK: 171-197<\/p>\n<p>Raab, J\u00fcrgen: Interpretative Visual Analysis. Developments, State of the Art and Pending Problems (mit Bernt Schnettler), in: FQS \u2013 Forum Qualitative Sozialforschung\/Forum: Qualitative Social Research 9 (3), Art. 31, 2008<\/p>\n<p>Raab, J\u00fcrgen: Pr\u00e4senz und mediale Pr\u00e4sentation. Zum Verh\u00e4ltnis von K\u00f6rper und technischen Medien aus Perspektive der ph\u00e4nomenologisch orientierten Wissenssoziologie, in: J\u00fcrgen Raab, Michaela Pfadenhauer, Jochen Dreher, Peter Stegmeier, Bernt Schnettler: Ph\u00e4nomenologie und Soziologie. Theoretische Positionen, aktuelle Problemfelder und empirische Umsetzungen. Wiesbaden, 2008, VS-Verlag: 233-242<\/p>\n<hr \/>\n<p><strong>2007<\/strong><\/p>\n<p>Breckner, Roswitha: Pictured Bodies. A Methodical Photo Analysis. In: INTER (Interaction, Interview, Interpretation) Bilingual Journal for Qualitative-Interpretive Social Research in Eastern Europe, Russian Academy of Social Sciences Moscow, 2007, Vol. 4: 125-141 (dort auch in russischer \u00dcbersetzung erschienen)<\/p>\n<p>Raab, J\u00fcrgen: Die \u201aObjektivit\u00e4t\u2019 des Sehens als wissenssoziologisches Problem, in: Sozialer Sinn. Zeitschrift f\u00fcr hermeneutische Sozialforschung, 2\/2007, S. 287-304<\/p>\n<p>Raab, J\u00fcrgen: Pina Bauschs Inszenierung des Le Sacre du Printemps.\u00a0Eine Fallanalyse zur Soziologie symbolischer Formen und ritueller Ordnungen (mit Hans-Georg Soeffner), in: Gabriele Brandtsetter &amp; Gabriele Klein (Hg.): Methoden der Tanzwissenschaft. Modellanalysen zu Pina Bauschs \u201eLe Sacre du Printemps\u201c. Bielefeld, 2007 (2. Auflage 2015), Transkript: 197-214<\/p>\n<hr \/>\n<p><strong>2006<\/strong><\/p>\n<p>Raab, J\u00fcrgen: Video Hermeneutics (mit Dirk T\u00e4nzler), in: Hubert Knoblauch, Bernt Schnettler, J\u00fcrgen Raab &amp; Hans-Georg Soeffner (Hg.): Video-Analysis. Methodology and Methods. Frankfurt am Main, 2006 (2. Auflage 2009; 3. Auflage 2012), Lang, S. 85-97<\/p>\n<hr \/>\n<p><strong>2005<\/strong><\/p>\n<hr \/>\n<p><strong>2004<\/strong><\/p>\n<p>Breckner, Roswitha: Abgelegte Erinnerungen? Was Fotoalben verraten. In: der blaue reiter, zeitschrift f\u00fcr philosophie, 2004, Heft 18: 63 \u2013 67<\/p>\n<p>Raab, J\u00fcrgen: Sehtechniken. Die Medialisierung des Sehens: Schnitt und Montage als \u00c4sthetisierungsmittel medialer Kommunikation (mit Hans-Georg Soeffner), in: Werner Rammert (Hg.): Technik und Sozialtheorie. Frankfurt am Main &amp; New York, 1998, Campus, S. 121-148. Ebenso in: Hans-Georg Soeffner: Auslegung des Alltags \u2013 Der Alltag der Auslegung. Konstanz, UVK, 2004, S. 254-284<\/p>\n<p>Raab, J\u00fcrgen: Bildverstehen als Kulturverstehen in medialisierten Gesellschaften (mit Hans-Georg Soeffner), in: Aleida Assman, Ulrich Gaier &amp; Gisela Trommsdorf (Hg.): Positionen der Kulturanthropologie. Frankfurt am Main, 2004, Suhrkamp, S. 249-274<\/p>\n<hr \/>\n<p><strong>2003<\/strong><\/p>\n<p>Breckner, Roswitha: K\u00f6rper im Bild. Eine methodische Analyse am Beispiel einer Fotografie von Helmut Newton. In: Zeitschrift f\u00fcr qualitative Bildungs-, Beratungs- und Sozialforschung (ZBBS), 2003, Heft 1: 33 \u2013 60<\/p>\n<hr \/>\n<p><strong>2002<\/strong><\/p>\n<p>Raab, J\u00fcrgen: Der Werbespot als kommunikative Gattung (mit Hubert Knoblauch), in: Herbert Willems (Hg.): Die Werbung der Gesellschaft. Wiesbaden, 2002, Westdeutscher Verlag, S. 139-154<\/p>\n<p>Raab, J\u00fcrgen: \u201aDer sch\u00f6nste Tag des Lebens\u2018 und seine \u00dcberh\u00f6hung in einem eigenwilligen Medium. Videoanalyse und sozialwissenschaftliche Hermeneutik am Beispiel eines professionellen Hochzeitsvideofilms, in: Sozialer Sinn. Zeitschrift f\u00fcr hermeneutische Sozialforschung, Heft 3\/2002, S. 469-495<\/p>\n<p>Raab, J\u00fcrgen: Politik im\/als Clip. Zur soziokulturellen Funktion politischer Werbespots (mit Dirk T\u00e4nzler), in: Herbert Willems (Hg.): Die Werbung der Gesellschaft. Wiesbaden, 2002, Westdeutscher Verlag, S. 217-245<\/p>\n<hr \/>\n<p><strong>2001<\/strong><\/p>\n<p>Raab, J\u00fcrgen: Genres and the Aesthetics of Advertisement Spots (mit Hubert Knoblauch), in: Hubert Knoblauch &amp; Helga Kotthoff (eds.): Verbal Art Across Cultures. The Aesthetics and Proto-Aestehtics of Communication. T\u00fcbingen, 2001, Narr, S. 195-219<\/p>\n<p>Raab, J\u00fcrgen: Medialisierung, Bild\u00e4sthetik, Vergemeinschaftung. Ans\u00e4tze einer visuellen Soziologie am Beispiel von Amateurclubvideos, in: Thomas Knieper &amp; Marion G. M\u00fcller (Hg.): Kommunikation visuell. Das Bild als Forschungsgegenstand \u2013 Grundlagen und Perspektiven. K\u00f6ln, 2001, Herbert von Halem, S. 37-63<\/p>\n","protected":false},"excerpt":{"rendered":"<p>2019 Breckner, Roswitha: Between Perception, Understanding and Interpretation. Theoretical Background, Principles and Procedures of Visual Segment Analysis (together with Johannes Marent und Simone Feichter), in: Matthias Blanc (Ed.): Contemporary Reception of Le Nain\u2019s Paintings. Interdisciplinary Perspectives on a Museum\u2019s Exhibition. Paris &amp; Lens: Louvre &amp; CNRS Editions, im Erscheinen M\u00fcller, Michael R.\/Bruns, Charlotte\/Sommer, Matthias: \u201cExtensive [&hellip;]<\/p>\n","protected":false},"author":8,"featured_media":0,"parent":1454,"menu_order":0,"comment_status":"closed","ping_status":"closed","template":"","meta":{"_acf_changed":false,"footnotes":""},"class_list":["post-5368","page","type-page","status-publish","hentry"],"acf":[],"_links":{"self":[{"href":"https:\/\/www.kulturwissenschaften.de\/en\/wp-json\/wp\/v2\/pages\/5368","targetHints":{"allow":["GET"]}}],"collection":[{"href":"https:\/\/www.kulturwissenschaften.de\/en\/wp-json\/wp\/v2\/pages"}],"about":[{"href":"https:\/\/www.kulturwissenschaften.de\/en\/wp-json\/wp\/v2\/types\/page"}],"author":[{"embeddable":true,"href":"https:\/\/www.kulturwissenschaften.de\/en\/wp-json\/wp\/v2\/users\/8"}],"replies":[{"embeddable":true,"href":"https:\/\/www.kulturwissenschaften.de\/en\/wp-json\/wp\/v2\/comments?post=5368"}],"version-history":[{"count":0,"href":"https:\/\/www.kulturwissenschaften.de\/en\/wp-json\/wp\/v2\/pages\/5368\/revisions"}],"up":[{"embeddable":true,"href":"https:\/\/www.kulturwissenschaften.de\/en\/wp-json\/wp\/v2\/pages\/1454"}],"wp:attachment":[{"href":"https:\/\/www.kulturwissenschaften.de\/en\/wp-json\/wp\/v2\/media?parent=5368"}],"curies":[{"name":"wp","href":"https:\/\/api.w.org\/{rel}","templated":true}]}}